{"id":9126,"date":"2025-09-02T09:45:10","date_gmt":"2025-09-02T12:45:10","guid":{"rendered":"https:\/\/www.equilibrio-petfood.com\/?page_id=9126"},"modified":"2025-10-14T03:22:18","modified_gmt":"2025-10-14T06:22:18","slug":"politica-de-satisfacao-garantida-max","status":"publish","type":"page","link":"https:\/\/www.equilibrio-petfood.com\/pt-br\/politica-de-satisfacao-garantida-max\/","title":{"rendered":"Pol\u00edtica de Satisfa\u00e7\u00e3o Garantida &#8211; Max"},"content":{"rendered":"\n<h2 class=\"wp-block-heading\"><strong>Compromisso de satisfa\u00e7\u00e3o<\/strong><\/h2>\n\n\n\n<p>Os produtos da ADM s\u00e3o produzidos atendendo \u00e0s mais altas exig\u00eancias de qualidade em alimenta\u00e7\u00e3o para c\u00e3es e gatos no Brasil e no mundo. Todas as embalagens de MAX t\u00eam um selo \u201c100% de Satisfa\u00e7\u00e3o Garantida\u201d que assegura a voc\u00ea este compromisso da ADM.<\/p>\n\n\n\n<p>Fazemos de tudo para que voc\u00ea e seu amigo estejam plenamente satisfeitos com nossos produtos. Se por alguma raz\u00e3o isto n\u00e3o acontecer, voc\u00ea encontra abaixo os procedimentos para reembolso do seu dinheiro<\/p>\n\n\n\n<h3 class=\"wp-block-heading\"><strong>Protocolo de uso do programa de garantia de satisfa\u00e7\u00e3o<\/strong><\/h3>\n\n\n\n<p>A troca dos produtos de linha MAX, ser\u00e1 realizada ao consumidor atrav\u00e9s de dep\u00f3sito banc\u00e1rio, considerando a import\u00e2ncia informada no cupom fiscal o valor para reembolso.<\/p>\n\n\n\n<ol start=\"1\" class=\"wp-block-list\">\n<li>O consumidor dever\u00e1 realizar o contato com o SAC da ADM (Servi\u00e7o de Atendimento ao Consumidor) atrav\u00e9s do telefone 0800 725 8575, dispon\u00edvel de segunda a sexta-feira (das 08h \u00e0s 17h), relatando o motivo da solicita\u00e7\u00e3o de reembolso e fornecendo dados cadastrais (nome completo, endere\u00e7o, telefones e CPF);<\/li>\n\n\n\n<li>O consumidor, de acordo com as orienta\u00e7\u00f5es fornecidas pelo SAC, dever\u00e1 preencher o Formul\u00e1rio de Solicita\u00e7\u00e3o de Devolu\u00e7\u00e3o e envia-lo em anexo por e-mail junto com a nota fiscal para o seguinte endere\u00e7o: <a href=\"mailto:sacpet@adm.com\">sacpet@adm.com<\/a>, com o assunto: \u201cSolicita\u00e7\u00e3o de reembolso\u201d;<\/li>\n\n\n\n<li>No momento do preenchimento ser\u00e1 necess\u00e1rio inserir a imagem da nota fiscal de compra do produto;<\/li>\n\n\n\n<li>A garantia 100% satisfa\u00e7\u00e3o poder\u00e1 ser requisitada apenas 2 (duas) vezes a cada 6 (seis) meses, a qual ser\u00e1 identificada atrav\u00e9s dos dados cadastrais;<\/li>\n\n\n\n<li>O reembolso fica limitado apenas 1 (uma) embalagem por vez dos produtos MAX;<\/li>\n\n\n\n<li>O consumidor dever\u00e1 possuir o conte\u00fado de 70% (setenta por cento) do volume total da embalagem;<\/li>\n\n\n\n<li>O consumidor dever\u00e1 entregar o produto na embalagem original, no estabelecimento de compra do mesmo, segundo orienta\u00e7\u00e3o do SAC;<\/li>\n\n\n\n<li>A equipe comercial da ADM ir\u00e1 retirar o produto devolvido pelo consumidor na loja, juntamente com o n\u00famero de protocolo da reclama\u00e7\u00e3o, sinalizando ao SAC a finaliza\u00e7\u00e3o do atendimento;<\/li>\n\n\n\n<li>A ADM possui o per\u00edodo de at\u00e9 60 (sessenta) dias, a contar da data do recebimento da correspond\u00eancia e nota fiscal, para depositar o valor em conta corrente informada pelo consumidor final;<\/li>\n\n\n\n<li>O programa fica reservado para consumidores finais, n\u00e3o abrangendo lojistas, comerciantes, ONGs, protetores e criadores.<\/li>\n\n\n\n<li>A garantia 100% satisfa\u00e7\u00e3o n\u00e3o abrange produtos que apresentem data de validade inferior a trinta dias para o vencimento ou fora das condi\u00e7\u00f5es acima citadas. Os produtos da ADM s\u00e3o produzidos atendendo \u00e0s mais altas exig\u00eancias de qualidade em alimenta\u00e7\u00e3o para c\u00e3es e gatos no Brasil e no mundo. Todas as embalagens com um selo \u201c100% de Satisfa\u00e7\u00e3o Garantida\u201d que assegura a voc\u00ea este compromisso da ADM.<\/li>\n<\/ol>\n\n\n\n<p>Fazemos de tudo para que voc\u00ea e seu amigo estejam plenamente satisfeitos com nossos produtos.<\/p>\n\n\n\n<p><strong>Somente ser\u00e3o aceitas trocas dentro do prazo de 30 dias a partir da data de emiss\u00e3o da nota fiscal.<\/strong><\/p>\n","protected":false},"excerpt":{"rendered":"<p>Compromisso de satisfa\u00e7\u00e3o Os produtos da ADM s\u00e3o produzidos atendendo \u00e0s mais altas exig\u00eancias de qualidade em alimenta\u00e7\u00e3o para c\u00e3es e gatos no Brasil e no mundo. Todas as embalagens de MAX t\u00eam um selo \u201c100% de Satisfa\u00e7\u00e3o Garantida\u201d que assegura a voc\u00ea este compromisso da ADM. Fazemos de tudo para que voc\u00ea e seu [&hellip;]<\/p>\n","protected":false},"author":42,"featured_media":484,"parent":0,"menu_order":0,"comment_status":"closed","ping_status":"closed","template":"page-satisfacao.php","meta":{"footnotes":""},"class_list":["post-9126","page","type-page","status-publish","has-post-thumbnail","hentry"],"acf":[],"yoast_head":"<!-- This site is optimized with the Yoast SEO plugin v27.4 - https:\/\/yoast.com\/product\/yoast-seo-wordpress\/ -->\n<title>Pol\u00edtica de Satisfa\u00e7\u00e3o Garantida - Max - Equilibro<\/title>\n<meta name=\"robots\" content=\"index, follow, max-snippet:-1, max-image-preview:large, max-video-preview:-1\" \/>\n<link rel=\"canonical\" href=\"https:\/\/www.equilibrio-petfood.com\/pt-br\/politica-de-satisfacao-garantida-max\/\" \/>\n<meta property=\"og:locale\" content=\"pt_BR\" \/>\n<meta property=\"og:type\" content=\"article\" \/>\n<meta property=\"og:title\" content=\"Pol\u00edtica de Satisfa\u00e7\u00e3o Garantida - Max - Equilibro\" \/>\n<meta property=\"og:description\" content=\"Compromisso de satisfa\u00e7\u00e3o Os produtos da ADM s\u00e3o produzidos atendendo \u00e0s mais altas exig\u00eancias de qualidade em alimenta\u00e7\u00e3o para c\u00e3es e gatos no Brasil e no mundo. Todas as embalagens de MAX t\u00eam um selo \u201c100% de Satisfa\u00e7\u00e3o Garantida\u201d que assegura a voc\u00ea este compromisso da ADM. Fazemos de tudo para que voc\u00ea e seu [&hellip;]\" \/>\n<meta property=\"og:url\" content=\"https:\/\/www.equilibrio-petfood.com\/pt-br\/politica-de-satisfacao-garantida-max\/\" \/>\n<meta property=\"og:site_name\" content=\"Equilibro\" \/>\n<meta property=\"article:modified_time\" content=\"2025-10-14T06:22:18+00:00\" \/>\n<meta property=\"og:image\" content=\"https:\/\/www.equilibrio-petfood.com\/wp-content\/uploads\/2022\/03\/Rectangle-2012.jpg\" \/>\n\t<meta property=\"og:image:width\" content=\"2541\" \/>\n\t<meta property=\"og:image:height\" content=\"789\" \/>\n\t<meta property=\"og:image:type\" content=\"image\/jpeg\" \/>\n<meta name=\"twitter:card\" content=\"summary_large_image\" \/>\n<meta name=\"twitter:label1\" content=\"Est. tempo de leitura\" \/>\n\t<meta name=\"twitter:data1\" content=\"3 minutos\" \/>\n<script type=\"application\/ld+json\" class=\"yoast-schema-graph\">{\"@context\":\"https:\\\/\\\/schema.org\",\"@graph\":[{\"@type\":\"WebPage\",\"@id\":\"https:\\\/\\\/www.equilibrio-petfood.com\\\/pt-br\\\/politica-de-satisfacao-garantida-max\\\/\",\"url\":\"https:\\\/\\\/www.equilibrio-petfood.com\\\/pt-br\\\/politica-de-satisfacao-garantida-max\\\/\",\"name\":\"Pol\u00edtica de Satisfa\u00e7\u00e3o Garantida - Max - Equilibro\",\"isPartOf\":{\"@id\":\"https:\\\/\\\/www.equilibrio-petfood.com\\\/pt-br\\\/#website\"},\"primaryImageOfPage\":{\"@id\":\"https:\\\/\\\/www.equilibrio-petfood.com\\\/pt-br\\\/politica-de-satisfacao-garantida-max\\\/#primaryimage\"},\"image\":{\"@id\":\"https:\\\/\\\/www.equilibrio-petfood.com\\\/pt-br\\\/politica-de-satisfacao-garantida-max\\\/#primaryimage\"},\"thumbnailUrl\":\"https:\\\/\\\/www.equilibrio-petfood.com\\\/wp-content\\\/uploads\\\/2022\\\/03\\\/Rectangle-2012.jpg\",\"datePublished\":\"2025-09-02T12:45:10+00:00\",\"dateModified\":\"2025-10-14T06:22:18+00:00\",\"breadcrumb\":{\"@id\":\"https:\\\/\\\/www.equilibrio-petfood.com\\\/pt-br\\\/politica-de-satisfacao-garantida-max\\\/#breadcrumb\"},\"inLanguage\":\"pt-BR\",\"potentialAction\":[{\"@type\":\"ReadAction\",\"target\":[\"https:\\\/\\\/www.equilibrio-petfood.com\\\/pt-br\\\/politica-de-satisfacao-garantida-max\\\/\"]}]},{\"@type\":\"ImageObject\",\"inLanguage\":\"pt-BR\",\"@id\":\"https:\\\/\\\/www.equilibrio-petfood.com\\\/pt-br\\\/politica-de-satisfacao-garantida-max\\\/#primaryimage\",\"url\":\"https:\\\/\\\/www.equilibrio-petfood.com\\\/wp-content\\\/uploads\\\/2022\\\/03\\\/Rectangle-2012.jpg\",\"contentUrl\":\"https:\\\/\\\/www.equilibrio-petfood.com\\\/wp-content\\\/uploads\\\/2022\\\/03\\\/Rectangle-2012.jpg\",\"width\":2541,\"height\":789},{\"@type\":\"BreadcrumbList\",\"@id\":\"https:\\\/\\\/www.equilibrio-petfood.com\\\/pt-br\\\/politica-de-satisfacao-garantida-max\\\/#breadcrumb\",\"itemListElement\":[{\"@type\":\"ListItem\",\"position\":1,\"name\":\"P\u00e1gina inicial\",\"item\":\"https:\\\/\\\/www.equilibrio-petfood.com\\\/pt-br\\\/\"},{\"@type\":\"ListItem\",\"position\":2,\"name\":\"Pol\u00edtica de Satisfa\u00e7\u00e3o Garantida &#8211; Max\"}]},{\"@type\":\"WebSite\",\"@id\":\"https:\\\/\\\/www.equilibrio-petfood.com\\\/pt-br\\\/#website\",\"url\":\"https:\\\/\\\/www.equilibrio-petfood.com\\\/pt-br\\\/\",\"name\":\"Equilibro\",\"description\":\"\",\"potentialAction\":[{\"@type\":\"SearchAction\",\"target\":{\"@type\":\"EntryPoint\",\"urlTemplate\":\"https:\\\/\\\/www.equilibrio-petfood.com\\\/pt-br\\\/?s={search_term_string}\"},\"query-input\":{\"@type\":\"PropertyValueSpecification\",\"valueRequired\":true,\"valueName\":\"search_term_string\"}}],\"inLanguage\":\"pt-BR\"}]}<\/script>\n<!-- \/ Yoast SEO plugin. -->","yoast_head_json":{"title":"Pol\u00edtica de Satisfa\u00e7\u00e3o Garantida - Max - Equilibro","robots":{"index":"index","follow":"follow","max-snippet":"max-snippet:-1","max-image-preview":"max-image-preview:large","max-video-preview":"max-video-preview:-1"},"canonical":"https:\/\/www.equilibrio-petfood.com\/pt-br\/politica-de-satisfacao-garantida-max\/","og_locale":"pt_BR","og_type":"article","og_title":"Pol\u00edtica de Satisfa\u00e7\u00e3o Garantida - Max - Equilibro","og_description":"Compromisso de satisfa\u00e7\u00e3o Os produtos da ADM s\u00e3o produzidos atendendo \u00e0s mais altas exig\u00eancias de qualidade em alimenta\u00e7\u00e3o para c\u00e3es e gatos no Brasil e no mundo. Todas as embalagens de MAX t\u00eam um selo \u201c100% de Satisfa\u00e7\u00e3o Garantida\u201d que assegura a voc\u00ea este compromisso da ADM. Fazemos de tudo para que voc\u00ea e seu [&hellip;]","og_url":"https:\/\/www.equilibrio-petfood.com\/pt-br\/politica-de-satisfacao-garantida-max\/","og_site_name":"Equilibro","article_modified_time":"2025-10-14T06:22:18+00:00","og_image":[{"width":2541,"height":789,"url":"https:\/\/www.equilibrio-petfood.com\/wp-content\/uploads\/2022\/03\/Rectangle-2012.jpg","type":"image\/jpeg"}],"twitter_card":"summary_large_image","twitter_misc":{"Est. tempo de leitura":"3 minutos"},"schema":{"@context":"https:\/\/schema.org","@graph":[{"@type":"WebPage","@id":"https:\/\/www.equilibrio-petfood.com\/pt-br\/politica-de-satisfacao-garantida-max\/","url":"https:\/\/www.equilibrio-petfood.com\/pt-br\/politica-de-satisfacao-garantida-max\/","name":"Pol\u00edtica de Satisfa\u00e7\u00e3o Garantida - Max - Equilibro","isPartOf":{"@id":"https:\/\/www.equilibrio-petfood.com\/pt-br\/#website"},"primaryImageOfPage":{"@id":"https:\/\/www.equilibrio-petfood.com\/pt-br\/politica-de-satisfacao-garantida-max\/#primaryimage"},"image":{"@id":"https:\/\/www.equilibrio-petfood.com\/pt-br\/politica-de-satisfacao-garantida-max\/#primaryimage"},"thumbnailUrl":"https:\/\/www.equilibrio-petfood.com\/wp-content\/uploads\/2022\/03\/Rectangle-2012.jpg","datePublished":"2025-09-02T12:45:10+00:00","dateModified":"2025-10-14T06:22:18+00:00","breadcrumb":{"@id":"https:\/\/www.equilibrio-petfood.com\/pt-br\/politica-de-satisfacao-garantida-max\/#breadcrumb"},"inLanguage":"pt-BR","potentialAction":[{"@type":"ReadAction","target":["https:\/\/www.equilibrio-petfood.com\/pt-br\/politica-de-satisfacao-garantida-max\/"]}]},{"@type":"ImageObject","inLanguage":"pt-BR","@id":"https:\/\/www.equilibrio-petfood.com\/pt-br\/politica-de-satisfacao-garantida-max\/#primaryimage","url":"https:\/\/www.equilibrio-petfood.com\/wp-content\/uploads\/2022\/03\/Rectangle-2012.jpg","contentUrl":"https:\/\/www.equilibrio-petfood.com\/wp-content\/uploads\/2022\/03\/Rectangle-2012.jpg","width":2541,"height":789},{"@type":"BreadcrumbList","@id":"https:\/\/www.equilibrio-petfood.com\/pt-br\/politica-de-satisfacao-garantida-max\/#breadcrumb","itemListElement":[{"@type":"ListItem","position":1,"name":"P\u00e1gina inicial","item":"https:\/\/www.equilibrio-petfood.com\/pt-br\/"},{"@type":"ListItem","position":2,"name":"Pol\u00edtica de Satisfa\u00e7\u00e3o Garantida &#8211; Max"}]},{"@type":"WebSite","@id":"https:\/\/www.equilibrio-petfood.com\/pt-br\/#website","url":"https:\/\/www.equilibrio-petfood.com\/pt-br\/","name":"Equilibro","description":"","potentialAction":[{"@type":"SearchAction","target":{"@type":"EntryPoint","urlTemplate":"https:\/\/www.equilibrio-petfood.com\/pt-br\/?s={search_term_string}"},"query-input":{"@type":"PropertyValueSpecification","valueRequired":true,"valueName":"search_term_string"}}],"inLanguage":"pt-BR"}]}},"_links":{"self":[{"href":"https:\/\/www.equilibrio-petfood.com\/pt-br\/wp-json\/wp\/v2\/pages\/9126","targetHints":{"allow":["GET"]}}],"collection":[{"href":"https:\/\/www.equilibrio-petfood.com\/pt-br\/wp-json\/wp\/v2\/pages"}],"about":[{"href":"https:\/\/www.equilibrio-petfood.com\/pt-br\/wp-json\/wp\/v2\/types\/page"}],"author":[{"embeddable":true,"href":"https:\/\/www.equilibrio-petfood.com\/pt-br\/wp-json\/wp\/v2\/users\/42"}],"replies":[{"embeddable":true,"href":"https:\/\/www.equilibrio-petfood.com\/pt-br\/wp-json\/wp\/v2\/comments?post=9126"}],"version-history":[{"count":6,"href":"https:\/\/www.equilibrio-petfood.com\/pt-br\/wp-json\/wp\/v2\/pages\/9126\/revisions"}],"predecessor-version":[{"id":9199,"href":"https:\/\/www.equilibrio-petfood.com\/pt-br\/wp-json\/wp\/v2\/pages\/9126\/revisions\/9199"}],"wp:featuredmedia":[{"embeddable":true,"href":"https:\/\/www.equilibrio-petfood.com\/pt-br\/wp-json\/wp\/v2\/media\/484"}],"wp:attachment":[{"href":"https:\/\/www.equilibrio-petfood.com\/pt-br\/wp-json\/wp\/v2\/media?parent=9126"}],"curies":[{"name":"wp","href":"https:\/\/api.w.org\/{rel}","templated":true}]}}