{"id":491,"date":"2022-03-16T11:12:07","date_gmt":"2022-03-16T14:12:07","guid":{"rendered":"https:\/\/www.br.equilibrio-petfood.com\/?page_id=491"},"modified":"2022-04-13T09:18:36","modified_gmt":"2022-04-13T12:18:36","slug":"fale-conosco","status":"publish","type":"page","link":"https:\/\/www.equilibrio-petfood.com\/pt-br\/fale-conosco\/","title":{"rendered":"Fale conosco"},"content":{"rendered":"\n<div class=\"wp-block-contact-form-7-contact-form-selector\">\n<div class=\"wpcf7 no-js\" id=\"wpcf7-f495-o1\" lang=\"pt-BR\" dir=\"ltr\" data-wpcf7-id=\"495\">\n<div class=\"screen-reader-response\"><p role=\"status\" aria-live=\"polite\" aria-atomic=\"true\"><\/p> <ul><\/ul><\/div>\n<form action=\"\/pt-br\/wp-json\/wp\/v2\/pages\/491#wpcf7-f495-o1\" method=\"post\" class=\"wpcf7-form init\" aria-label=\"Formul\u00e1rios de contato\" novalidate=\"novalidate\" data-status=\"init\">\n<fieldset class=\"hidden-fields-container\"><input type=\"hidden\" name=\"_wpcf7\" value=\"495\" \/><input type=\"hidden\" name=\"_wpcf7_version\" value=\"6.1.5\" \/><input type=\"hidden\" name=\"_wpcf7_locale\" value=\"pt_BR\" \/><input type=\"hidden\" name=\"_wpcf7_unit_tag\" value=\"wpcf7-f495-o1\" \/><input type=\"hidden\" name=\"_wpcf7_container_post\" value=\"0\" \/><input type=\"hidden\" name=\"_wpcf7_posted_data_hash\" value=\"\" \/><input type=\"hidden\" name=\"_wpcf7_recaptcha_response\" value=\"\" \/>\n<\/fieldset>\n<div class=\"row\">\n\t<div class=\"col-12\">\n\t\t<div class=\"mb-3\">\n\t\t\t<p><label class=\"form-label\">Nome *<\/label><br \/>\n<span class=\"wpcf7-form-control-wrap\" data-name=\"nome\"><input size=\"40\" maxlength=\"400\" class=\"wpcf7-form-control wpcf7-text wpcf7-validates-as-required form-control\" aria-required=\"true\" aria-invalid=\"false\" placeholder=\"seu nome\" value=\"\" type=\"text\" name=\"nome\" \/><\/span>\n\t\t\t<\/p>\n\t\t<\/div>\n\t\t<div class=\"mb-3\">\n\t\t\t<p><label class=\"form-label\">E-mail *<\/label><br \/>\n<span class=\"wpcf7-form-control-wrap\" data-name=\"mail\"><input size=\"40\" maxlength=\"400\" class=\"wpcf7-form-control wpcf7-email wpcf7-validates-as-required wpcf7-text wpcf7-validates-as-email form-control\" aria-required=\"true\" aria-invalid=\"false\" placeholder=\"informe o seu e-mail\" value=\"\" type=\"email\" name=\"mail\" \/><\/span>\n\t\t\t<\/p>\n\t\t<\/div>\n\t\t<div class=\"mb-3\">\n\t\t\t<p><label class=\"form-label\">Telefone <\/label><br \/>\n<span class=\"wpcf7-form-control-wrap\" data-name=\"telefone\"><input size=\"40\" maxlength=\"400\" class=\"wpcf7-form-control wpcf7-text form-control\" aria-invalid=\"false\" placeholder=\"(00) 00000.0000\" value=\"\" type=\"text\" name=\"telefone\" \/><\/span>\n\t\t\t<\/p>\n\t\t<\/div>\n\t\t<div class=\"row\">\n\t\t\t<div class=\"col-12 col-md-6\">\n\t\t\t\t<div class=\"mb-3\">\n\t\t\t\t\t<p><label class=\"form-label\">Qual a idade do PET? <\/label><br \/>\n<span class=\"wpcf7-form-control-wrap\" data-name=\"telefone\"><input size=\"40\" maxlength=\"400\" class=\"wpcf7-form-control wpcf7-text form-control\" aria-invalid=\"false\" placeholder=\"Idade do PET\" value=\"\" type=\"text\" name=\"telefone\" \/><\/span>\n\t\t\t\t\t<\/p>\n\t\t\t\t<\/div>\n\t\t\t<\/div>\n\t\t\t<div class=\"col-12 col-md-6\">\n\t\t\t\t<p><label class=\"form-label\">Qual a ra\u00e7a do PET? <\/label><br \/>\n<span class=\"wpcf7-form-control-wrap\" data-name=\"telefone\"><input size=\"40\" maxlength=\"400\" class=\"wpcf7-form-control wpcf7-text form-control\" aria-invalid=\"false\" placeholder=\"Ra\u00e7a do PET\" value=\"\" type=\"text\" name=\"telefone\" \/><\/span>\n\t\t\t\t<\/p>\n\t\t\t<\/div>\n\t\t<\/div>\n\t\t<div class=\"mb-3\">\n\t\t\t<p><label class=\"form-label\">Qual a categoria da sua d\u00favida? *<\/label><br \/>\n<span class=\"wpcf7-form-control-wrap\" data-name=\"categoria\"><select class=\"wpcf7-form-control wpcf7-select form-control\" aria-invalid=\"false\" name=\"categoria\"><option value=\"Problemas com Ra\u00e7\u00e3o\">Problemas com Ra\u00e7\u00e3o<\/option><option value=\"Atendimento Comercial\">Atendimento Comercial<\/option><option value=\"Sugest\u00f5es, elogios e cr\u00edticas\">Sugest\u00f5es, elogios e cr\u00edticas<\/option><option value=\"Trabalhe conosco\">Trabalhe conosco<\/option><option value=\"Outros\">Outros<\/option><\/select><\/span>\n\t\t\t<\/p>\n\t\t<\/div>\n\t\t<div class=\"mb-3\">\n\t\t\t<p><label class=\"form-label\">T\u00edtulo da pergunta<\/label><br \/>\n<span class=\"wpcf7-form-control-wrap\" data-name=\"pergunta\"><input size=\"40\" maxlength=\"400\" class=\"wpcf7-form-control wpcf7-text form-control\" aria-invalid=\"false\" placeholder=\"T\u00edtulo da pergunta\" value=\"\" type=\"text\" name=\"pergunta\" \/><\/span>\n\t\t\t<\/p>\n\t\t<\/div>\n\t\t<div class=\"mb-3\">\n\t\t\t<p><label class=\"form-label\">Mensagem<\/label><br \/>\n<span class=\"wpcf7-form-control-wrap\" data-name=\"mensagem\"><textarea cols=\"40\" rows=\"10\" maxlength=\"2000\" class=\"wpcf7-form-control wpcf7-textarea form-control\" aria-invalid=\"false\" placeholder=\"Sua d\u00favida\" name=\"mensagem\"><\/textarea><\/span>\n\t\t\t<\/p>\n\t\t<\/div>\n\t\t<div class=\"mb-3 row align-items-center\">\n\t\t\t<div class=\"form-check\">\n\t\t\t\t<p><input class=\"form-check-input\" type=\"checkbox\" value=\"\" id=\"flexCheckDefault\" \/><label class=\"form-check-label\" for=\"flexCheckDefault\">Aceito receber comunica\u00e7\u00f5es e ofertas sobre a marca Equil\u00edbrio. <a href=\"#\">Clique aqui<\/a> para ler nossa pol\u00edtica de privacidade<\/label>\n\t\t\t\t<\/p>\n\t\t\t<\/div>\n\t\t<\/div>\n\t\t<div class=\"col-auto mb-3\">\n\t\t\t<p><input class=\"wpcf7-form-control wpcf7-submit has-spinner btn-equilibrio\" type=\"submit\" value=\"Enviar\" \/><br \/>\n\t\t\t\n\t\t\t<\/p>\n\t\t<\/div>\n\t<\/div>\n<\/div><div class=\"wpcf7-response-output\" aria-hidden=\"true\"><\/div>\n<\/form>\n<\/div>\n<\/div>\n\n\n\n<hr class=\"wp-block-separator\"\/>\n\n\n\n<p class=\"has-text-align-center\"><strong>Telefone SAC: 0800 725 8575<\/strong><\/p>\n\n\n\n<p class=\"has-text-align-center\"><strong>sacpet@adm.com<\/strong><\/p>\n\n\n\n<hr class=\"wp-block-separator\"\/>\n\n\n\n<h2 class=\"wp-block-heading\">Imprensa<\/h2>\n\n\n\n<p>Para falar com nossos especialistas, porta-vozes, adquirir mais informa\u00e7\u00f5es sobre o universo pet food e conhecer os benef\u00edcios da linha EQUIL\u00cdBRIO, entre em contato com nossa assessoria de imprensa. Podemos ajudar em sua pauta <br>sobre nutri\u00e7\u00e3o e outros temas que envolvem a sa\u00fade de c\u00e3es e gatos.<br><br>Assessoria de Imprensa \u2013 ADM\/ Equil\u00edbrio<br>sacpet@adm.com<\/p>\n\n\n\n<h2 class=\"wp-block-heading\">Lojista<\/h2>\n\n\n\n<p>Se voc\u00ea \u00e9 propriet\u00e1rio de loja ou pet shop e quer adquirir produtos da marca Equil\u00edbrio, entre em contato conosco pelos telefones:<br><br>0800 725 8575 ou (35) 3691-2099.<\/p>\n","protected":false},"excerpt":{"rendered":"<p>Telefone SAC: 0800 725 8575 sacpet@adm.com Imprensa Para falar com nossos especialistas, porta-vozes, adquirir mais informa\u00e7\u00f5es sobre o universo pet food e conhecer os benef\u00edcios da linha EQUIL\u00cdBRIO, entre em contato com nossa assessoria de imprensa. Podemos ajudar em sua pauta sobre nutri\u00e7\u00e3o e outros temas que envolvem a sa\u00fade de c\u00e3es e gatos. Assessoria [&hellip;]<\/p>\n","protected":false},"author":11,"featured_media":0,"parent":0,"menu_order":0,"comment_status":"closed","ping_status":"closed","template":"page-contato.php","meta":{"footnotes":""},"class_list":["post-491","page","type-page","status-publish","hentry"],"acf":[],"yoast_head":"<!-- This site is optimized with the Yoast SEO plugin v27.5 - https:\/\/yoast.com\/product\/yoast-seo-wordpress\/ -->\n<title>Fale conosco - Equilibro<\/title>\n<meta name=\"robots\" content=\"index, follow, max-snippet:-1, max-image-preview:large, max-video-preview:-1\" \/>\n<link rel=\"canonical\" href=\"https:\/\/www.equilibrio-petfood.com\/pt-br\/fale-conosco\/\" \/>\n<meta property=\"og:locale\" content=\"pt_BR\" \/>\n<meta property=\"og:type\" content=\"article\" \/>\n<meta property=\"og:title\" content=\"Fale conosco - Equilibro\" \/>\n<meta property=\"og:description\" content=\"Telefone SAC: 0800 725 8575 sacpet@adm.com Imprensa Para falar com nossos especialistas, porta-vozes, adquirir mais informa\u00e7\u00f5es sobre o universo pet food e conhecer os benef\u00edcios da linha EQUIL\u00cdBRIO, entre em contato com nossa assessoria de imprensa. Podemos ajudar em sua pauta sobre nutri\u00e7\u00e3o e outros temas que envolvem a sa\u00fade de c\u00e3es e gatos. Assessoria [&hellip;]\" \/>\n<meta property=\"og:url\" content=\"https:\/\/www.equilibrio-petfood.com\/pt-br\/fale-conosco\/\" \/>\n<meta property=\"og:site_name\" content=\"Equilibro\" \/>\n<meta property=\"article:modified_time\" content=\"2022-04-13T12:18:36+00:00\" \/>\n<meta name=\"twitter:card\" content=\"summary_large_image\" \/>\n<script type=\"application\/ld+json\" class=\"yoast-schema-graph\">{\"@context\":\"https:\\\/\\\/schema.org\",\"@graph\":[{\"@type\":\"WebPage\",\"@id\":\"https:\\\/\\\/www.equilibrio-petfood.com\\\/pt-br\\\/fale-conosco\\\/\",\"url\":\"https:\\\/\\\/www.equilibrio-petfood.com\\\/pt-br\\\/fale-conosco\\\/\",\"name\":\"Fale conosco - Equilibro\",\"isPartOf\":{\"@id\":\"https:\\\/\\\/www.equilibrio-petfood.com\\\/pt-br\\\/#website\"},\"datePublished\":\"2022-03-16T14:12:07+00:00\",\"dateModified\":\"2022-04-13T12:18:36+00:00\",\"breadcrumb\":{\"@id\":\"https:\\\/\\\/www.equilibrio-petfood.com\\\/pt-br\\\/fale-conosco\\\/#breadcrumb\"},\"inLanguage\":\"pt-BR\",\"potentialAction\":[{\"@type\":\"ReadAction\",\"target\":[\"https:\\\/\\\/www.equilibrio-petfood.com\\\/pt-br\\\/fale-conosco\\\/\"]}]},{\"@type\":\"BreadcrumbList\",\"@id\":\"https:\\\/\\\/www.equilibrio-petfood.com\\\/pt-br\\\/fale-conosco\\\/#breadcrumb\",\"itemListElement\":[{\"@type\":\"ListItem\",\"position\":1,\"name\":\"P\u00e1gina inicial\",\"item\":\"https:\\\/\\\/www.equilibrio-petfood.com\\\/pt-br\\\/\"},{\"@type\":\"ListItem\",\"position\":2,\"name\":\"Fale conosco\"}]},{\"@type\":\"WebSite\",\"@id\":\"https:\\\/\\\/www.equilibrio-petfood.com\\\/pt-br\\\/#website\",\"url\":\"https:\\\/\\\/www.equilibrio-petfood.com\\\/pt-br\\\/\",\"name\":\"Equilibro\",\"description\":\"\",\"potentialAction\":[{\"@type\":\"SearchAction\",\"target\":{\"@type\":\"EntryPoint\",\"urlTemplate\":\"https:\\\/\\\/www.equilibrio-petfood.com\\\/pt-br\\\/?s={search_term_string}\"},\"query-input\":{\"@type\":\"PropertyValueSpecification\",\"valueRequired\":true,\"valueName\":\"search_term_string\"}}],\"inLanguage\":\"pt-BR\"}]}<\/script>\n<!-- \/ Yoast SEO plugin. -->","yoast_head_json":{"title":"Fale conosco - Equilibro","robots":{"index":"index","follow":"follow","max-snippet":"max-snippet:-1","max-image-preview":"max-image-preview:large","max-video-preview":"max-video-preview:-1"},"canonical":"https:\/\/www.equilibrio-petfood.com\/pt-br\/fale-conosco\/","og_locale":"pt_BR","og_type":"article","og_title":"Fale conosco - Equilibro","og_description":"Telefone SAC: 0800 725 8575 sacpet@adm.com Imprensa Para falar com nossos especialistas, porta-vozes, adquirir mais informa\u00e7\u00f5es sobre o universo pet food e conhecer os benef\u00edcios da linha EQUIL\u00cdBRIO, entre em contato com nossa assessoria de imprensa. Podemos ajudar em sua pauta sobre nutri\u00e7\u00e3o e outros temas que envolvem a sa\u00fade de c\u00e3es e gatos. Assessoria [&hellip;]","og_url":"https:\/\/www.equilibrio-petfood.com\/pt-br\/fale-conosco\/","og_site_name":"Equilibro","article_modified_time":"2022-04-13T12:18:36+00:00","twitter_card":"summary_large_image","schema":{"@context":"https:\/\/schema.org","@graph":[{"@type":"WebPage","@id":"https:\/\/www.equilibrio-petfood.com\/pt-br\/fale-conosco\/","url":"https:\/\/www.equilibrio-petfood.com\/pt-br\/fale-conosco\/","name":"Fale conosco - Equilibro","isPartOf":{"@id":"https:\/\/www.equilibrio-petfood.com\/pt-br\/#website"},"datePublished":"2022-03-16T14:12:07+00:00","dateModified":"2022-04-13T12:18:36+00:00","breadcrumb":{"@id":"https:\/\/www.equilibrio-petfood.com\/pt-br\/fale-conosco\/#breadcrumb"},"inLanguage":"pt-BR","potentialAction":[{"@type":"ReadAction","target":["https:\/\/www.equilibrio-petfood.com\/pt-br\/fale-conosco\/"]}]},{"@type":"BreadcrumbList","@id":"https:\/\/www.equilibrio-petfood.com\/pt-br\/fale-conosco\/#breadcrumb","itemListElement":[{"@type":"ListItem","position":1,"name":"P\u00e1gina inicial","item":"https:\/\/www.equilibrio-petfood.com\/pt-br\/"},{"@type":"ListItem","position":2,"name":"Fale conosco"}]},{"@type":"WebSite","@id":"https:\/\/www.equilibrio-petfood.com\/pt-br\/#website","url":"https:\/\/www.equilibrio-petfood.com\/pt-br\/","name":"Equilibro","description":"","potentialAction":[{"@type":"SearchAction","target":{"@type":"EntryPoint","urlTemplate":"https:\/\/www.equilibrio-petfood.com\/pt-br\/?s={search_term_string}"},"query-input":{"@type":"PropertyValueSpecification","valueRequired":true,"valueName":"search_term_string"}}],"inLanguage":"pt-BR"}]}},"_links":{"self":[{"href":"https:\/\/www.equilibrio-petfood.com\/pt-br\/wp-json\/wp\/v2\/pages\/491","targetHints":{"allow":["GET"]}}],"collection":[{"href":"https:\/\/www.equilibrio-petfood.com\/pt-br\/wp-json\/wp\/v2\/pages"}],"about":[{"href":"https:\/\/www.equilibrio-petfood.com\/pt-br\/wp-json\/wp\/v2\/types\/page"}],"author":[{"embeddable":true,"href":"https:\/\/www.equilibrio-petfood.com\/pt-br\/wp-json\/wp\/v2\/users\/11"}],"replies":[{"embeddable":true,"href":"https:\/\/www.equilibrio-petfood.com\/pt-br\/wp-json\/wp\/v2\/comments?post=491"}],"version-history":[{"count":3,"href":"https:\/\/www.equilibrio-petfood.com\/pt-br\/wp-json\/wp\/v2\/pages\/491\/revisions"}],"predecessor-version":[{"id":497,"href":"https:\/\/www.equilibrio-petfood.com\/pt-br\/wp-json\/wp\/v2\/pages\/491\/revisions\/497"}],"wp:attachment":[{"href":"https:\/\/www.equilibrio-petfood.com\/pt-br\/wp-json\/wp\/v2\/media?parent=491"}],"curies":[{"name":"wp","href":"https:\/\/api.w.org\/{rel}","templated":true}]}}