{"id":4603,"date":"2023-12-12T14:16:14","date_gmt":"2023-12-12T17:16:14","guid":{"rendered":"https:\/\/www.equilibrio-petfood.com\/new-calculator\/"},"modified":"2023-12-15T11:56:02","modified_gmt":"2023-12-15T14:56:02","slug":"new-calculator","status":"publish","type":"page","link":"https:\/\/www.equilibrio-petfood.com\/pt-br\/new-calculator\/","title":{"rendered":"Calculator"},"content":{"rendered":"<style>\n.text-center{\n    text-align:left !important;\n}\n\n#weight-calculator-form .subform-animal,\n#submit-btn,\n#result {\n    display: none;\n}\n\n#result-wrap{\n    margin: 38px;\n    border: 2px solid #FFFFFF;\n    border-radius: 20px;\n    box-shadow: rgba(0, 0, 0, 0.1) 0px 10px 15px -3px, rgba(0, 0, 0, 0.05) 0px 4px 6px -2px;\n}\n\n#result h3{\n    padding: 20px 24px;\n    background: #fff;\n    color: #000;\n    border-radius: 18px 18px 0 0;\n    font-size: 24px;\n    font-weight: bold;\n    text-align: center;\n}\n\n#result .recommandation{\n    padding:30px 30px 10px 10px\n}\n\n@media(max-width:990px){\n    #result .recommandation{\n        padding:30px 30px 30px 30px;\n        text-align:center;\n    }\n}\n\n#result .thumb-product{\n    padding:20px;\n    text-align:center;\n}\n\n#result .dose{\n    font-size:21px;\n    color:#FFFFFF;\n    font-weight:bold;\n}\n\n#calculator{\n    font-family:'Maison Neue', sans-serif !important;\n}\n\n#calculator label{\n    font-family: \"Bw Stretch\";\n    font-weight: 700;\n    font-size: 23px;\n    line-height: 38px;\n    color: #FFFFFF;\n    margin: 40px 0 0;\n    display:block;\n}\n\n#calculator #submit-btn{\n    width: 100%;\n    font-family: \"Bw Stretch\";\n    font-style: normal;\n    font-weight: 600;\n    font-size: 30px;\n    line-height: 20px;\n    display: flex;\n    align-items: center;\n    justify-content: center;\n    text-align: center;\n    padding: 20px 60px 18px;\n    border: 2px solid #FFFFFF;\n    background: #FFFFFF;\n    color: #000;\n    border-radius: 200px;\n    margin-top:30px;\n}\n\n#calculator .form-dropdown select{\n    width:100%;\n    background-image: url(\"data:image\/svg+xml,%3csvg xmlns='http:\/\/www.w3.org\/2000\/svg' viewBox='0 0 16 16'%3e%3cpath fill='none' stroke='%23343a40' stroke-linecap='round' stroke-linejoin='round' stroke-width='2' d='M2 5l6 6 6-6'\/%3e%3c\/svg%3e\");\n    background-repeat: no-repeat;\n    background-position: right .75rem center;\n    background-size: 16px 12px;\n    display: block;\n    width: 100%;\n    background-image: url(\"data:image\/svg+xml,%3csvg xmlns='http:\/\/www.w3.org\/2000\/svg' viewBox='0 0 16 16'%3e%3cpath fill='none' stroke='%23343a40' stroke-linecap='round' stroke-linejoin='round' stroke-width='2' d='M2 5l6 6 6-6'\/%3e%3c\/svg%3e\");\n    background-repeat: no-repeat;\n    background-position: right .75rem center;\n    background-size: 16px 12px;\n    border: 1px solid #ced4da;\n    border-radius: .25rem;\n    transition: border-color .15s ease-in-out,box-shadow .15s ease-in-out;\n    -webkit-appearance: none;\n    -moz-appearance: none;\n    appearance: none;\n\n        height: 45px;\n    padding: 0.375rem 0.75rem;\n    font-size: 1rem;\n    font-weight: 400;\n    line-height: 1.5;\n    background-color: #FFFFFF;\n    border: 1px solid #898B8E;\n    border-radius: 8px;\n    color: #58585B;\n    margin-top: 12px;\n}\n\n#calculator .error-product{\n    color:red;\n    font-size:15px;\n    display:none;\n}\n\n.cc-selector input{\n    margin:0;padding:0;\n    -webkit-appearance:none;\n    -moz-appearance:none;\n            appearance:none;\n            display:none;\n}\n\n#calculator .cc-selector{\n    display: grid;\n    grid-template-columns: repeat(5, 1fr);\n    grid-gap: 10px;\n    grid-auto-rows: minmax(100px, auto);\n}\n\n#calculator #animal.cc-selector{\n    grid-template-columns: repeat(4, 1fr);\n}\n\n@media(max-width:1470px){\n    #calculator .cc-selector{\n        grid-template-columns: repeat(3, 1fr);\n    }\n}\n\n#calculator .cc-selector label{\n    display: inline-block;\n    font-size: 14px;\n    margin: 20px 0;\n    padding: 60px 0 0;\n    text-align: center;\n    line-height: 1.2em;\n    background-position: center top;\n    background-size: 60px auto;\n}\n\n#calculator #animal.cc-selector label{\n    padding: 90px 0 0;\n    background-size: 90px auto;\n    font-size:16px;\n}\n\n.activity-low{background-image:url(https:\/\/www.equilibrio-petfood.com\/wp-content\/plugins\/custom-weight-calculator\/img\/EQUI-act1.png);}\n.activity-normal{background-image:url(https:\/\/www.equilibrio-petfood.com\/wp-content\/plugins\/custom-weight-calculator\/img\/EQUI-act2.png);}\n.activity-high{background-image:url(https:\/\/www.equilibrio-petfood.com\/wp-content\/plugins\/custom-weight-calculator\/img\/EQUI-act3.png);}\n.activity-vhigh{background-image:url(https:\/\/www.equilibrio-petfood.com\/wp-content\/plugins\/custom-weight-calculator\/img\/EQUI-act4.png);}\n.activity-extreme{background-image:url(https:\/\/www.equilibrio-petfood.com\/wp-content\/plugins\/custom-weight-calculator\/img\/EQUI-act5.png);}\n\n.animal-puppy{background-image:url(https:\/\/www.equilibrio-petfood.com\/wp-content\/plugins\/custom-weight-calculator\/img\/EQUI-puppy.png);}\n.animal-dog{background-image:url(https:\/\/www.equilibrio-petfood.com\/wp-content\/plugins\/custom-weight-calculator\/img\/EQUI-dog.png);}\n.animal-kitten{background-image:url(https:\/\/www.equilibrio-petfood.com\/wp-content\/plugins\/custom-weight-calculator\/img\/EQUI-kitten.png);}\n.animal-cat{background-image:url(https:\/\/www.equilibrio-petfood.com\/wp-content\/plugins\/custom-weight-calculator\/img\/EQUI-cat.png);}\n\n\n.cc-selector input:checked +.activity-cc,\n.cc-selector input:checked +.animal-cc{\n    -webkit-filter: none;\n    -moz-filter: none;\n            filter: none;\n}\n.activity-cc,\n.animal-cc{\n    cursor:pointer;\n    background-size:contain;\n    background-repeat:no-repeat;\n    display:inline-block;\n    width:100px;height:70px;\n    -webkit-transition: all 100ms ease-in;\n    -moz-transition: all 100ms ease-in;\n            transition: all 100ms ease-in;\n    -webkit-filter: brightness(1.8) grayscale(1) opacity(.5);\n    -moz-filter: brightness(1.8) grayscale(1) opacity(.5);\n            filter: brightness(1.8) grayscale(1) opacity(.5);\n}\n.activity-cc:hover,\n.animal-cc:hover{\n    -webkit-filter: brightness(1.2) grayscale(.5) opacity(.9);\n    -moz-filter: brightness(1.2) grayscale(.5) opacity(.9);\n            filter: brightness(1.2) grayscale(.5) opacity(.9);\n}\n<\/style>\n\n\n<div id=\"calculator\">\n    <div class=\"row\">\n        <div class=\"col-lg-6 _d-pr-25\">\n            <form id=\"weight-calculator-form\">\n                <div class=\"form-field\">\n                    <label for=\"animal\">Qual seu Pet<\/label>\n\n                    <div id=\"animal\" class=\"cc-selector\">\n                        <input id=\"animal-puppy\" type=\"radio\" name=\"animal\" value=\"puppy\" checked \/><label class=\"animal-cc animal-puppy\" for=\"animal-puppy\">Filhote (c\u00e3o)<\/label><input id=\"animal-dog\" type=\"radio\" name=\"animal\" value=\"dog\" \/><label class=\"animal-cc animal-dog\" for=\"animal-dog\">C\u00e3o Adulto<\/label><input id=\"animal-kitten\" type=\"radio\" name=\"animal\" value=\"kitten\" \/><label class=\"animal-cc animal-kitten\" for=\"animal-kitten\">Filhote (gato)<\/label><input id=\"animal-cat\" type=\"radio\" name=\"animal\" value=\"cat\" \/><label class=\"animal-cc animal-cat\" for=\"animal-cat\">Gato Adulto<\/label>                    <\/div>\n                <\/div>\n\n                                    <div class=\"form-field form-dropdown form-product-list\">\n                        <label for=\"products-list\">Qual produto?<\/label>\n\n                        \n                        <select id=\"puppy-products-list\" name=\"postid-puppy\"><option disabled selected value> -- Selecione um produto -- <\/option><option class=\"type-puppy product-puppy\" value=\"508\">Veterinary Urinary<\/option><option class=\"type-puppy product-puppy\" value=\"507\">Veterinary Renal<\/option><option class=\"type-puppy product-puppy\" value=\"506\">Veterinary Obesity &amp; Diabetic<\/option><option class=\"type-puppy product-puppy\" value=\"505\">Veterinary Intestinal<\/option><option class=\"type-puppy product-puppy\" value=\"4524\">C\u00e3es Porte Mini Filhotes Frango<\/option><option class=\"type-puppy product-puppy\" value=\"4520\">C\u00e3es Porte Pequeno Filhote Frango<\/option><option class=\"type-puppy product-puppy\" value=\"4488\">C\u00e3es Porte M\u00e9dio Filhote Frango<\/option><option class=\"type-puppy product-puppy\" value=\"4471\">C\u00e3es Porte M\u00e9dio Adulto Carne<\/option><option class=\"type-puppy product-puppy\" value=\"4463\">C\u00e3es Porte Grande Adulto Carne<\/option><option class=\"type-puppy product-puppy\" value=\"2103\">Adult Sensitive Skin &amp; Stomach<\/option><option class=\"type-puppy product-puppy\" value=\"2102\">&lt;strong&gt;Adult Sensitive Skin &amp; Stomach All Breeds&lt;\/strong&gt;<\/option><option class=\"type-puppy product-puppy\" value=\"657\">Equilibrio Veterinary Urinary<\/option><option class=\"type-puppy product-puppy\" value=\"309\">Veterinary Hepatic<\/option><option class=\"type-puppy product-puppy\" value=\"308\">Veterinary Intestinal<\/option><option class=\"type-puppy product-puppy\" value=\"307\">Veterinary Hypoallergenic<\/option><option class=\"type-puppy product-puppy\" value=\"306\">Veterinary Obesity &amp; Diabetic<\/option><option class=\"type-puppy product-puppy\" value=\"305\">Veterinary Cardiac<\/option><\/select><select id=\"dog-products-list\" name=\"postid-dog\"><option disabled selected value> -- Selecione um produto -- <\/option><option class=\"type-dog product-dog\" value=\"4492\">C\u00e3es Porte Mini Adulto Frango<\/option><option class=\"type-dog product-dog\" value=\"4508\">C\u00e3es Porte Mini Adulto Malt\u00eas Frango<\/option><option class=\"type-dog product-dog\" value=\"4504\">C\u00e3es Porte Mini Adulto Spitz Frango<\/option><option class=\"type-dog product-dog\" value=\"4500\">C\u00e3es Porte Mini Adulto York Frango<\/option><option class=\"type-dog product-dog\" value=\"4496\">C\u00e3es Porte Pequeno Adulto Frango<\/option><option class=\"type-dog product-dog\" value=\"4532\">C\u00e3es Porte Pequeno Adulto Light Frango<\/option><option class=\"type-dog product-dog\" value=\"4516\">C\u00e3es Porte Pequeno Adulto Sens\u00edvel Cordeiro<\/option><option class=\"type-dog product-dog\" value=\"4528\">C\u00e3es Porte Pequeno Adulto S\u00eanior Frango<\/option><option class=\"type-dog product-dog\" value=\"4512\">C\u00e3es Porte Pequeno Adulto Shih Tzu Frango<\/option><option class=\"type-dog product-dog\" value=\"8525\">C\u00e3es Porte M\u00e9dio Adulto Frango<\/option><option class=\"type-dog product-dog\" value=\"4484\">C\u00e3es Porte M\u00e9dio Adulto Sens\u00edvel Cordeiro<\/option><option class=\"type-dog product-dog\" value=\"4459\">C\u00e3es Porte M\u00e9dio Adulto Light Frango<\/option><option class=\"type-dog product-dog\" value=\"4467\">C\u00e3es Porte Grande Adulto Frango<\/option><option class=\"type-dog product-dog\" value=\"4475\">C\u00e3es Porte Grande Adulto Frango - Golden<\/option><option class=\"type-dog product-dog\" value=\"4451\">C\u00e3es Porte M\u00e9dio Adulto S\u00eanior Frango<\/option><option class=\"type-dog product-dog\" value=\"304\">Veterinary Renal<\/option><\/select><select id=\"kitten-products-list\" name=\"postid-kitten\"><option disabled selected value> -- Selecione um produto -- <\/option><option class=\"type-kitten product-kitten\" value=\"4553\">Gato Filhote Frango<\/option><\/select><select id=\"cat-products-list\" name=\"postid-cat\"><option disabled selected value> -- Selecione um produto -- <\/option><option class=\"type-cat product-cat\" value=\"4552\">Gato Adulto Frango<\/option><option class=\"type-cat product-cat\" value=\"4547\">Gato Adulto Castrado Frango<\/option><option class=\"type-cat product-cat\" value=\"4542\">Gato Adulto Castrado Salm\u00e3o<\/option><option class=\"type-cat product-cat\" value=\"4538\">Gato Adulto S\u00eanior Frango<\/option><\/select><p class=\"error-product\">Por favor escolha um produto.<\/p>                    <\/div>\n                \n                \n                <div id=\"puppy_form\" class=\"subform-animal\">\n                    <div class=\"form-field form-dropdown\">\n                        <label for=\"puppy_age\">Idade em meses<\/label>\n                        <select id=\"puppy_age\" name=\"puppy_age\" required>\n                            <option value=\"lacta\">Lacta\u00e7\u00e3o<\/option><option value=\"gesta34\">Gesta\u00e7\u00e3o (primeiros 35 dias)<\/option><option value=\"gesta35\">Gesta\u00e7\u00e3o (ap\u00f3s 35 dias)<\/option><option value=\"2\">2<\/option><option value=\"3\">3<\/option><option value=\"4\">4<\/option><option value=\"5\">5<\/option><option value=\"6\">6<\/option><option value=\"7\">7<\/option><option value=\"8\">8<\/option><option value=\"9\">9<\/option><option value=\"10\">10<\/option><option value=\"11\">11<\/option><option value=\"12\">12<\/option><option value=\"13\">13<\/option><option value=\"14\">14<\/option><option value=\"15\">15<\/option><option value=\"18\">18<\/option><option value=\"20\">20<\/option><option value=\"24\">24<\/option><option value=\"25\">25<\/option>                        <\/select>\n                    <\/div>\n                    \n                    <div class=\"form-field form-dropdown\">\n                        <label for=\"puppy_expected-weight\">Peso aproximado<\/label>\n                        <select id=\"puppy_expected-weight\" name=\"puppy_expected_weight\" required>\n                            <option value=\"1\">1<\/option><option value=\"2\">2<\/option><option value=\"3\">3<\/option><option value=\"4\">4<\/option><option value=\"5\">5<\/option><option value=\"6\">6<\/option><option value=\"7\">7<\/option><option value=\"8\">8<\/option><option value=\"9\">9<\/option><option value=\"10\">10<\/option><option value=\"12\">12<\/option><option value=\"14\">14<\/option><option value=\"15\">15<\/option><option value=\"16\">16<\/option><option value=\"18\">18<\/option><option value=\"20\">20<\/option><option value=\"22\">22<\/option><option value=\"25\">25<\/option><option value=\"26\">26<\/option><option value=\"29\">29<\/option><option value=\"30\">30<\/option><option value=\"32\">32<\/option><option value=\"35\">35<\/option><option value=\"36\">36<\/option><option value=\"38\">38<\/option><option value=\"40\">40<\/option><option value=\"42\">42<\/option><option value=\"45\">45<\/option><option value=\"50\">50<\/option><option value=\"55\">55<\/option><option value=\"60\">60<\/option><option value=\"65\">65<\/option><option value=\"70\">70<\/option><option value=\"75\">75<\/option><option value=\"80\">80<\/option>                        <\/select>\n                    <\/div>\n                <\/div>\n\n\n                <div id=\"dog_form\" class=\"subform-animal\">\n                    <div class=\"form-field form-dropdown\">\n                        <label for=\"dog_activity\">N\u00edvel de Atividade<\/label>\n                        <div class=\"cc-selector\">\n                            <input id=\"selector-low-dog\" type=\"radio\" name=\"dog_activity\" value=\"low\" \/><label class=\"activity-cc activity-low\" for=\"selector-low-dog\">Indoor (pouca atividade f\u00edsica)<\/label><input id=\"selector-normal-dog\" type=\"radio\" name=\"dog_activity\" value=\"normal\" \/><label class=\"activity-cc activity-normal\" for=\"selector-normal-dog\">Atividade normal<\/label><input id=\"selector-high-dog\" type=\"radio\" name=\"dog_activity\" value=\"high\" \/><label class=\"activity-cc activity-high\" for=\"selector-high-dog\">Atividade muito alta<\/label>                        <\/div>\n\n                        \n                    <\/div>\n                    <div class=\"form-field form-dropdown\">\n                        <label for=\"dog_expected-weight\">Peso aproximado<\/label>\n                        <select id=\"dog_expected-weight\" name=\"dog_expected_weight\" required>\n                            <option value=\"1\">1 kg<\/option><option value=\"2\">2 kg<\/option><option value=\"3\">3 kg<\/option><option value=\"4\">4 kg<\/option><option value=\"5\">5 kg<\/option><option value=\"6\">6 kg<\/option><option value=\"7\">7 kg<\/option><option value=\"8\">8 kg<\/option><option value=\"9\">9 kg<\/option><option value=\"10\">10 kg<\/option><option value=\"12\">12 kg<\/option><option value=\"14\">14 kg<\/option><option value=\"15\">15 kg<\/option><option value=\"16\">16 kg<\/option><option value=\"18\">18 kg<\/option><option value=\"20\">20 kg<\/option><option value=\"22\">22 kg<\/option><option value=\"25\">25 kg<\/option><option value=\"26\">26 kg<\/option><option value=\"28\">28 kg<\/option><option value=\"30\">30 kg<\/option><option value=\"32\">32 kg<\/option><option value=\"36\">36 kg<\/option><option value=\"38\">38 kg<\/option><option value=\"40\">40 kg<\/option><option value=\"42\">42 kg<\/option><option value=\"45\">45 kg<\/option><option value=\"50\">50 kg<\/option><option value=\"55\">55 kg<\/option><option value=\"60\">60 kg<\/option><option value=\"65\">65 kg<\/option>                        <\/select>\n                    <\/div>\n                <\/div>\n\n                <div id=\"kitten_form\" class=\"subform-animal\">\n                    <div class=\"form-field form-dropdown\">\n                        <label for=\"kitten_age\">Idade em meses<\/label>\n                        <select id=\"kitten_age\" name=\"kitten_age\" required>\n                            <option value=\"gesta\">Gestation<\/option><option value=\"lacta\">Lactation<\/option><option value=\"2\">2<\/option><option value=\"3\">3<\/option><option value=\"4\">4<\/option><option value=\"5\">5<\/option><option value=\"6\">6<\/option><option value=\"7\">7<\/option><option value=\"8\">8<\/option><option value=\"9\">9<\/option><option value=\"10\">10<\/option><option value=\"11\">11<\/option><option value=\"12\">12<\/option>                        <\/select>\n                    <\/div>\n                    <div class=\"form-field form-dropdown\">\n                        <label for=\"kitten_expected-weight\">Peso aproximado<\/label>\n                        <select id=\"kitten_expected-weight\" name=\"kitten_expected_weight\" required>\n                            <option value=\"1\">1<\/option><option value=\"1.5\">1,5<\/option><option value=\"2\">2<\/option><option value=\"2.5\">2,5<\/option><option value=\"3\">3<\/option><option value=\"3.5\">3,5<\/option><option value=\"4\">4<\/option><option value=\"4.5\">4,5<\/option><option value=\"5\">5<\/option><option value=\"6\">6<\/option><option value=\"7\">7<\/option><option value=\"8\">8<\/option>                        <\/select>\n                    <\/div>\n                <\/div>\n                \n                <div id=\"cat_form\" class=\"subform-animal\">\n                    <div class=\"form-field form-dropdown\">\n                        <label for=\"cat_activity\">N\u00edvel de Atividade<\/label>\n                        <div class=\"cc-selector\">\n                            <input id=\"selector-low-cat\" type=\"radio\" name=\"cat_activity\" value=\"low\" \/><label class=\"activity-cc activity-low\" for=\"selector-low-cat\">Indoor (pouca atividade f\u00edsica)<\/label><input id=\"selector-normal-cat\" type=\"radio\" name=\"cat_activity\" value=\"normal\" \/><label class=\"activity-cc activity-normal\" for=\"selector-normal-cat\">Atividade normal<\/label>                        <\/div>\n                    <\/div>\n                    <div class=\"form-field form-dropdown\">\n                        <label for=\"cat_expected-weight\">Peso aproximado<\/label>\n                        <select id=\"cat_expected-weight\" name=\"cat_expected_weight\" required>\n                            <option value=\"1.5\">1,5 kg<\/option><option value=\"2\">2 kg<\/option><option value=\"2.5\">2,5 kg<\/option><option value=\"3\">3 kg<\/option><option value=\"3.5\">3,5 kg<\/option><option value=\"4\">4 kg<\/option><option value=\"4.5\">4,5 kg<\/option><option value=\"5\">5 kg<\/option><option value=\"6\">6 kg<\/option><option value=\"7\">7 kg<\/option><option value=\"8\">8 kg<\/option>                        <\/select>\n                    <\/div>\n                <\/div>\n\n                <input type=\"submit\" value=\"Calcular\" id=\"submit-btn\">\n            <\/form>\n        <\/div>\n        <div class=\"col-lg-6\">\n            <div id=\"result\"><\/div>\n        <\/div>\n    <\/div><!-- Fin Row -->\n<\/div>\n    \n","protected":false},"excerpt":{"rendered":"","protected":false},"author":5,"featured_media":0,"parent":0,"menu_order":0,"comment_status":"closed","ping_status":"closed","template":"page-espacio-distribuidor.php","meta":{"footnotes":""},"class_list":["post-4603","page","type-page","status-publish","hentry"],"acf":[],"yoast_head":"<!-- This site is optimized with the Yoast SEO plugin v27.4 - https:\/\/yoast.com\/product\/yoast-seo-wordpress\/ -->\n<title>Calculator - Equilibro<\/title>\n<meta name=\"robots\" content=\"index, follow, max-snippet:-1, max-image-preview:large, max-video-preview:-1\" \/>\n<link rel=\"canonical\" href=\"https:\/\/www.equilibrio-petfood.com\/pt-br\/new-calculator\/\" \/>\n<meta property=\"og:locale\" content=\"pt_BR\" \/>\n<meta property=\"og:type\" content=\"article\" \/>\n<meta property=\"og:title\" content=\"Calculator - Equilibro\" \/>\n<meta property=\"og:url\" content=\"https:\/\/www.equilibrio-petfood.com\/pt-br\/new-calculator\/\" \/>\n<meta property=\"og:site_name\" content=\"Equilibro\" \/>\n<meta property=\"article:modified_time\" content=\"2023-12-15T14:56:02+00:00\" \/>\n<meta name=\"twitter:card\" content=\"summary_large_image\" \/>\n<meta name=\"twitter:label1\" content=\"Est. tempo de leitura\" \/>\n\t<meta name=\"twitter:data1\" content=\"1 minuto\" \/>\n<script type=\"application\/ld+json\" class=\"yoast-schema-graph\">{\"@context\":\"https:\\\/\\\/schema.org\",\"@graph\":[{\"@type\":\"WebPage\",\"@id\":\"https:\\\/\\\/www.equilibrio-petfood.com\\\/pt-br\\\/new-calculator\\\/\",\"url\":\"https:\\\/\\\/www.equilibrio-petfood.com\\\/pt-br\\\/new-calculator\\\/\",\"name\":\"Calculator - Equilibro\",\"isPartOf\":{\"@id\":\"https:\\\/\\\/www.equilibrio-petfood.com\\\/pt-br\\\/#website\"},\"datePublished\":\"2023-12-12T17:16:14+00:00\",\"dateModified\":\"2023-12-15T14:56:02+00:00\",\"breadcrumb\":{\"@id\":\"https:\\\/\\\/www.equilibrio-petfood.com\\\/pt-br\\\/new-calculator\\\/#breadcrumb\"},\"inLanguage\":\"pt-BR\",\"potentialAction\":[{\"@type\":\"ReadAction\",\"target\":[\"https:\\\/\\\/www.equilibrio-petfood.com\\\/pt-br\\\/new-calculator\\\/\"]}]},{\"@type\":\"BreadcrumbList\",\"@id\":\"https:\\\/\\\/www.equilibrio-petfood.com\\\/pt-br\\\/new-calculator\\\/#breadcrumb\",\"itemListElement\":[{\"@type\":\"ListItem\",\"position\":1,\"name\":\"P\u00e1gina inicial\",\"item\":\"https:\\\/\\\/www.equilibrio-petfood.com\\\/pt-br\\\/\"},{\"@type\":\"ListItem\",\"position\":2,\"name\":\"Calculator\"}]},{\"@type\":\"WebSite\",\"@id\":\"https:\\\/\\\/www.equilibrio-petfood.com\\\/pt-br\\\/#website\",\"url\":\"https:\\\/\\\/www.equilibrio-petfood.com\\\/pt-br\\\/\",\"name\":\"Equilibro\",\"description\":\"\",\"potentialAction\":[{\"@type\":\"SearchAction\",\"target\":{\"@type\":\"EntryPoint\",\"urlTemplate\":\"https:\\\/\\\/www.equilibrio-petfood.com\\\/pt-br\\\/?s={search_term_string}\"},\"query-input\":{\"@type\":\"PropertyValueSpecification\",\"valueRequired\":true,\"valueName\":\"search_term_string\"}}],\"inLanguage\":\"pt-BR\"}]}<\/script>\n<!-- \/ Yoast SEO plugin. -->","yoast_head_json":{"title":"Calculator - Equilibro","robots":{"index":"index","follow":"follow","max-snippet":"max-snippet:-1","max-image-preview":"max-image-preview:large","max-video-preview":"max-video-preview:-1"},"canonical":"https:\/\/www.equilibrio-petfood.com\/pt-br\/new-calculator\/","og_locale":"pt_BR","og_type":"article","og_title":"Calculator - Equilibro","og_url":"https:\/\/www.equilibrio-petfood.com\/pt-br\/new-calculator\/","og_site_name":"Equilibro","article_modified_time":"2023-12-15T14:56:02+00:00","twitter_card":"summary_large_image","twitter_misc":{"Est. tempo de leitura":"1 minuto"},"schema":{"@context":"https:\/\/schema.org","@graph":[{"@type":"WebPage","@id":"https:\/\/www.equilibrio-petfood.com\/pt-br\/new-calculator\/","url":"https:\/\/www.equilibrio-petfood.com\/pt-br\/new-calculator\/","name":"Calculator - Equilibro","isPartOf":{"@id":"https:\/\/www.equilibrio-petfood.com\/pt-br\/#website"},"datePublished":"2023-12-12T17:16:14+00:00","dateModified":"2023-12-15T14:56:02+00:00","breadcrumb":{"@id":"https:\/\/www.equilibrio-petfood.com\/pt-br\/new-calculator\/#breadcrumb"},"inLanguage":"pt-BR","potentialAction":[{"@type":"ReadAction","target":["https:\/\/www.equilibrio-petfood.com\/pt-br\/new-calculator\/"]}]},{"@type":"BreadcrumbList","@id":"https:\/\/www.equilibrio-petfood.com\/pt-br\/new-calculator\/#breadcrumb","itemListElement":[{"@type":"ListItem","position":1,"name":"P\u00e1gina inicial","item":"https:\/\/www.equilibrio-petfood.com\/pt-br\/"},{"@type":"ListItem","position":2,"name":"Calculator"}]},{"@type":"WebSite","@id":"https:\/\/www.equilibrio-petfood.com\/pt-br\/#website","url":"https:\/\/www.equilibrio-petfood.com\/pt-br\/","name":"Equilibro","description":"","potentialAction":[{"@type":"SearchAction","target":{"@type":"EntryPoint","urlTemplate":"https:\/\/www.equilibrio-petfood.com\/pt-br\/?s={search_term_string}"},"query-input":{"@type":"PropertyValueSpecification","valueRequired":true,"valueName":"search_term_string"}}],"inLanguage":"pt-BR"}]}},"_links":{"self":[{"href":"https:\/\/www.equilibrio-petfood.com\/pt-br\/wp-json\/wp\/v2\/pages\/4603","targetHints":{"allow":["GET"]}}],"collection":[{"href":"https:\/\/www.equilibrio-petfood.com\/pt-br\/wp-json\/wp\/v2\/pages"}],"about":[{"href":"https:\/\/www.equilibrio-petfood.com\/pt-br\/wp-json\/wp\/v2\/types\/page"}],"author":[{"embeddable":true,"href":"https:\/\/www.equilibrio-petfood.com\/pt-br\/wp-json\/wp\/v2\/users\/5"}],"replies":[{"embeddable":true,"href":"https:\/\/www.equilibrio-petfood.com\/pt-br\/wp-json\/wp\/v2\/comments?post=4603"}],"version-history":[{"count":2,"href":"https:\/\/www.equilibrio-petfood.com\/pt-br\/wp-json\/wp\/v2\/pages\/4603\/revisions"}],"predecessor-version":[{"id":4607,"href":"https:\/\/www.equilibrio-petfood.com\/pt-br\/wp-json\/wp\/v2\/pages\/4603\/revisions\/4607"}],"wp:attachment":[{"href":"https:\/\/www.equilibrio-petfood.com\/pt-br\/wp-json\/wp\/v2\/media?parent=4603"}],"curies":[{"name":"wp","href":"https:\/\/api.w.org\/{rel}","templated":true}]}}