{"id":4010,"date":"2022-03-15T11:00:55","date_gmt":"2022-03-15T14:00:55","guid":{"rendered":"http:\/\/equilibrio-br.local\/institucional\/"},"modified":"2023-03-15T05:47:56","modified_gmt":"2023-03-15T08:47:56","slug":"institucional","status":"publish","type":"page","link":"https:\/\/www.equilibrio-petfood.com\/es\/institucional\/","title":{"rendered":"Institucional"},"content":{"rendered":"\n<h2 class=\"wp-block-heading\">SOBRE A EMPRESA<\/h2>\n\n\n\n<p>A ADM \u00e9 uma das l\u00edderes globais em nutri\u00e7\u00e3o humana e animal. Com inova\u00e7\u00f5es que avan\u00e7am no setor, desvendamos <br>o poder da natureza para melhorar a qualidade de vida em todo o mundo. <br>A Total Alimentos agora faz parte da ADM, uma empresa comprometida em garantir a seguran\u00e7a alimentar, a sa\u00fade e, acima de tudo, o bem-estar dos pets.<\/p>\n\n\n\n<hr class=\"wp-block-separator has-css-opacity\"\/>\n\n\n\n<h2 class=\"wp-block-heading\">Pesquisa e desenvolvimento<\/h2>\n\n\n\n<p>Nossas instala\u00e7\u00f5es contam com equipamentos de \u00faltima gera\u00e7\u00e3o e d\u00e3o suporte para que profissionais especializados garantam a confiabilidade e precis\u00e3o nutricional dos produtos oferecidos ao mercado. N\u00f3s, possu\u00edmos parcerias com renomados veterin\u00e1rios e pesquisadores brasileiros e americanos que atuam como especialistas na \u00e1rea de nutri\u00e7\u00e3o para c\u00e3es e gatos. Essa colabora\u00e7\u00e3o auxilia na avalia\u00e7\u00e3o e elabora\u00e7\u00e3o de novos ingredientes, produtos e f\u00f3rmulas. Tamb\u00e9m, atuamos junto com universidades brasileiras para o desenvolvimento de alimentos seguros e inovadores.<\/p>\n\n\n\n<hr class=\"wp-block-separator has-css-opacity\"\/>\n\n\n\n<h2 class=\"wp-block-heading\">produtos e diferenciais<\/h2>\n\n\n\n<p>A companhia est\u00e1 sempre desenvolvendo novos conceitos e produtos para atender \u00e0s necessidades de cada animal. Nossos alimentos s\u00e3o elaborados com mat\u00e9rias-primas e alta qualidade e ingredientes selecionados, proporcionando assim melhor digestibilidade e sabor para a satisfa\u00e7\u00e3o e alimenta\u00e7\u00e3o de c\u00e3es e gatos no mundo inteiro.<\/p>\n\n\n\n<hr class=\"wp-block-separator has-css-opacity\"\/>\n\n\n\n<h2 class=\"wp-block-heading\">Certificados e controle de qualidade<\/h2>\n\n\n\n<p>A companhia possui programas de qualidade certificados, como ISO 9001, GMP e HACCP que asseguram boas pr\u00e1ticas de fabrica\u00e7\u00e3o e seguran\u00e7a alimentar de nossos produtos. Auditores internos e equipes de gest\u00e3o de qualidade garantem o cumprimento de requisitos e realizam o controle de ingredientes e mat\u00e9rias-primas, desde o recebimento na f\u00e1brica at\u00e9 a distribui\u00e7\u00e3o da mercadoria.<br><br>Com isso, confirmamos a credibilidade e excel\u00eancia em nossos alimentos.<\/p>\n\n\n\n<hr class=\"wp-block-separator has-css-opacity\"\/>\n","protected":false},"excerpt":{"rendered":"<p>SOBRE A EMPRESA A ADM \u00e9 uma das l\u00edderes globais em nutri\u00e7\u00e3o humana e animal. Com inova\u00e7\u00f5es que avan\u00e7am no setor, desvendamos o poder da natureza para melhorar a qualidade de vida em todo o mundo. A Total Alimentos agora faz parte da ADM, uma empresa comprometida em garantir a seguran\u00e7a alimentar, a sa\u00fade e, [&hellip;]<\/p>\n","protected":false},"author":11,"featured_media":3089,"parent":0,"menu_order":0,"comment_status":"closed","ping_status":"closed","template":"page-institucional.php","meta":{"footnotes":""},"class_list":["post-4010","page","type-page","status-publish","has-post-thumbnail","hentry"],"acf":[],"yoast_head":"<!-- This site is optimized with the Yoast SEO plugin v27.4 - https:\/\/yoast.com\/product\/yoast-seo-wordpress\/ -->\n<title>Institucional - Equilibro<\/title>\n<meta name=\"robots\" content=\"index, follow, max-snippet:-1, max-image-preview:large, max-video-preview:-1\" \/>\n<link rel=\"canonical\" href=\"https:\/\/www.equilibrio-petfood.com\/es\/institucional\/\" \/>\n<meta property=\"og:locale\" content=\"es_ES\" \/>\n<meta property=\"og:type\" content=\"article\" \/>\n<meta property=\"og:title\" content=\"Institucional - Equilibro\" \/>\n<meta property=\"og:description\" content=\"SOBRE A EMPRESA A ADM \u00e9 uma das l\u00edderes globais em nutri\u00e7\u00e3o humana e animal. Com inova\u00e7\u00f5es que avan\u00e7am no setor, desvendamos o poder da natureza para melhorar a qualidade de vida em todo o mundo. A Total Alimentos agora faz parte da ADM, uma empresa comprometida em garantir a seguran\u00e7a alimentar, a sa\u00fade e, [&hellip;]\" \/>\n<meta property=\"og:url\" content=\"https:\/\/www.equilibrio-petfood.com\/es\/institucional\/\" \/>\n<meta property=\"og:site_name\" content=\"Equilibro\" \/>\n<meta property=\"article:modified_time\" content=\"2023-03-15T08:47:56+00:00\" \/>\n<meta name=\"twitter:card\" content=\"summary_large_image\" \/>\n<meta name=\"twitter:label1\" content=\"Tiempo de lectura\" \/>\n\t<meta name=\"twitter:data1\" content=\"2 minutos\" \/>\n<script type=\"application\/ld+json\" class=\"yoast-schema-graph\">{\"@context\":\"https:\\\/\\\/schema.org\",\"@graph\":[{\"@type\":\"WebPage\",\"@id\":\"https:\\\/\\\/www.equilibrio-petfood.com\\\/es\\\/institucional\\\/\",\"url\":\"https:\\\/\\\/www.equilibrio-petfood.com\\\/es\\\/institucional\\\/\",\"name\":\"Institucional - Equilibro\",\"isPartOf\":{\"@id\":\"https:\\\/\\\/www.equilibrio-petfood.com\\\/es\\\/#website\"},\"primaryImageOfPage\":{\"@id\":\"https:\\\/\\\/www.equilibrio-petfood.com\\\/es\\\/institucional\\\/#primaryimage\"},\"image\":{\"@id\":\"https:\\\/\\\/www.equilibrio-petfood.com\\\/es\\\/institucional\\\/#primaryimage\"},\"thumbnailUrl\":\"https:\\\/\\\/www.equilibrio-petfood.com\\\/wp-content\\\/uploads\\\/2022\\\/03\\\/Archer_Daniels_Midland_logo-1-1.svg\",\"datePublished\":\"2022-03-15T14:00:55+00:00\",\"dateModified\":\"2023-03-15T08:47:56+00:00\",\"breadcrumb\":{\"@id\":\"https:\\\/\\\/www.equilibrio-petfood.com\\\/es\\\/institucional\\\/#breadcrumb\"},\"inLanguage\":\"es\",\"potentialAction\":[{\"@type\":\"ReadAction\",\"target\":[\"https:\\\/\\\/www.equilibrio-petfood.com\\\/es\\\/institucional\\\/\"]}]},{\"@type\":\"ImageObject\",\"inLanguage\":\"es\",\"@id\":\"https:\\\/\\\/www.equilibrio-petfood.com\\\/es\\\/institucional\\\/#primaryimage\",\"url\":\"https:\\\/\\\/www.equilibrio-petfood.com\\\/wp-content\\\/uploads\\\/2022\\\/03\\\/Archer_Daniels_Midland_logo-1-1.svg\",\"contentUrl\":\"https:\\\/\\\/www.equilibrio-petfood.com\\\/wp-content\\\/uploads\\\/2022\\\/03\\\/Archer_Daniels_Midland_logo-1-1.svg\",\"width\":233,\"height\":176},{\"@type\":\"BreadcrumbList\",\"@id\":\"https:\\\/\\\/www.equilibrio-petfood.com\\\/es\\\/institucional\\\/#breadcrumb\",\"itemListElement\":[{\"@type\":\"ListItem\",\"position\":1,\"name\":\"P\u00e1gina de inicio\",\"item\":\"https:\\\/\\\/www.equilibrio-petfood.com\\\/es\\\/\"},{\"@type\":\"ListItem\",\"position\":2,\"name\":\"Institucional\"}]},{\"@type\":\"WebSite\",\"@id\":\"https:\\\/\\\/www.equilibrio-petfood.com\\\/es\\\/#website\",\"url\":\"https:\\\/\\\/www.equilibrio-petfood.com\\\/es\\\/\",\"name\":\"Equilibro\",\"description\":\"\",\"potentialAction\":[{\"@type\":\"SearchAction\",\"target\":{\"@type\":\"EntryPoint\",\"urlTemplate\":\"https:\\\/\\\/www.equilibrio-petfood.com\\\/es\\\/?s={search_term_string}\"},\"query-input\":{\"@type\":\"PropertyValueSpecification\",\"valueRequired\":true,\"valueName\":\"search_term_string\"}}],\"inLanguage\":\"es\"}]}<\/script>\n<!-- \/ Yoast SEO plugin. -->","yoast_head_json":{"title":"Institucional - Equilibro","robots":{"index":"index","follow":"follow","max-snippet":"max-snippet:-1","max-image-preview":"max-image-preview:large","max-video-preview":"max-video-preview:-1"},"canonical":"https:\/\/www.equilibrio-petfood.com\/es\/institucional\/","og_locale":"es_ES","og_type":"article","og_title":"Institucional - Equilibro","og_description":"SOBRE A EMPRESA A ADM \u00e9 uma das l\u00edderes globais em nutri\u00e7\u00e3o humana e animal. Com inova\u00e7\u00f5es que avan\u00e7am no setor, desvendamos o poder da natureza para melhorar a qualidade de vida em todo o mundo. A Total Alimentos agora faz parte da ADM, uma empresa comprometida em garantir a seguran\u00e7a alimentar, a sa\u00fade e, [&hellip;]","og_url":"https:\/\/www.equilibrio-petfood.com\/es\/institucional\/","og_site_name":"Equilibro","article_modified_time":"2023-03-15T08:47:56+00:00","twitter_card":"summary_large_image","twitter_misc":{"Tiempo de lectura":"2 minutos"},"schema":{"@context":"https:\/\/schema.org","@graph":[{"@type":"WebPage","@id":"https:\/\/www.equilibrio-petfood.com\/es\/institucional\/","url":"https:\/\/www.equilibrio-petfood.com\/es\/institucional\/","name":"Institucional - Equilibro","isPartOf":{"@id":"https:\/\/www.equilibrio-petfood.com\/es\/#website"},"primaryImageOfPage":{"@id":"https:\/\/www.equilibrio-petfood.com\/es\/institucional\/#primaryimage"},"image":{"@id":"https:\/\/www.equilibrio-petfood.com\/es\/institucional\/#primaryimage"},"thumbnailUrl":"https:\/\/www.equilibrio-petfood.com\/wp-content\/uploads\/2022\/03\/Archer_Daniels_Midland_logo-1-1.svg","datePublished":"2022-03-15T14:00:55+00:00","dateModified":"2023-03-15T08:47:56+00:00","breadcrumb":{"@id":"https:\/\/www.equilibrio-petfood.com\/es\/institucional\/#breadcrumb"},"inLanguage":"es","potentialAction":[{"@type":"ReadAction","target":["https:\/\/www.equilibrio-petfood.com\/es\/institucional\/"]}]},{"@type":"ImageObject","inLanguage":"es","@id":"https:\/\/www.equilibrio-petfood.com\/es\/institucional\/#primaryimage","url":"https:\/\/www.equilibrio-petfood.com\/wp-content\/uploads\/2022\/03\/Archer_Daniels_Midland_logo-1-1.svg","contentUrl":"https:\/\/www.equilibrio-petfood.com\/wp-content\/uploads\/2022\/03\/Archer_Daniels_Midland_logo-1-1.svg","width":233,"height":176},{"@type":"BreadcrumbList","@id":"https:\/\/www.equilibrio-petfood.com\/es\/institucional\/#breadcrumb","itemListElement":[{"@type":"ListItem","position":1,"name":"P\u00e1gina de inicio","item":"https:\/\/www.equilibrio-petfood.com\/es\/"},{"@type":"ListItem","position":2,"name":"Institucional"}]},{"@type":"WebSite","@id":"https:\/\/www.equilibrio-petfood.com\/es\/#website","url":"https:\/\/www.equilibrio-petfood.com\/es\/","name":"Equilibro","description":"","potentialAction":[{"@type":"SearchAction","target":{"@type":"EntryPoint","urlTemplate":"https:\/\/www.equilibrio-petfood.com\/es\/?s={search_term_string}"},"query-input":{"@type":"PropertyValueSpecification","valueRequired":true,"valueName":"search_term_string"}}],"inLanguage":"es"}]}},"_links":{"self":[{"href":"https:\/\/www.equilibrio-petfood.com\/es\/wp-json\/wp\/v2\/pages\/4010","targetHints":{"allow":["GET"]}}],"collection":[{"href":"https:\/\/www.equilibrio-petfood.com\/es\/wp-json\/wp\/v2\/pages"}],"about":[{"href":"https:\/\/www.equilibrio-petfood.com\/es\/wp-json\/wp\/v2\/types\/page"}],"author":[{"embeddable":true,"href":"https:\/\/www.equilibrio-petfood.com\/es\/wp-json\/wp\/v2\/users\/11"}],"replies":[{"embeddable":true,"href":"https:\/\/www.equilibrio-petfood.com\/es\/wp-json\/wp\/v2\/comments?post=4010"}],"version-history":[{"count":1,"href":"https:\/\/www.equilibrio-petfood.com\/es\/wp-json\/wp\/v2\/pages\/4010\/revisions"}],"predecessor-version":[{"id":4015,"href":"https:\/\/www.equilibrio-petfood.com\/es\/wp-json\/wp\/v2\/pages\/4010\/revisions\/4015"}],"wp:featuredmedia":[{"embeddable":true,"href":"https:\/\/www.equilibrio-petfood.com\/es\/wp-json\/wp\/v2\/media\/3089"}],"wp:attachment":[{"href":"https:\/\/www.equilibrio-petfood.com\/es\/wp-json\/wp\/v2\/media?parent=4010"}],"curies":[{"name":"wp","href":"https:\/\/api.w.org\/{rel}","templated":true}]}}